{"id":1123,"date":"2024-11-19T14:54:55","date_gmt":"2024-11-19T14:54:55","guid":{"rendered":"https:\/\/xn--rafacaizaresviticultor-pec.com\/uncategorized\/sofia-canizares-cava\/"},"modified":"2025-04-01T18:18:05","modified_gmt":"2025-04-01T18:18:05","slug":"sofia-canizares-cava","status":"publish","type":"product","link":"https:\/\/xn--rafacaizaresviticultor-pec.com\/en\/cava-en\/sofia-canizares-cava\/","title":{"rendered":"Sof\u00eda Ca\u00f1izares Cava"},"content":{"rendered":"<p>An organic cava with DOP Alicante, made with Macabeo and Chardonnay. Fresh and floral, offering notes of white fruits, Mediterranean herbs and subtle hints of pastries. Its fine and harmonious bubbles guarantee a balanced and persistent passage. Perfect to toast with elegance.<\/p>\n","protected":false},"excerpt":{"rendered":"<p>An organic cava with DOP Alicante, made with Macabeo and Chardonnay. Fresh and floral, offering notes of white fruits, Mediterranean herbs and subtle hints of pastries. Its fine and harmonious bubbles guarantee a balanced and persistent passage. Perfect to toast with elegance.<\/p>\n","protected":false},"featured_media":742,"template":"","meta":{"_acf_changed":false},"product_brand":[],"product_cat":[48],"product_tag":[],"class_list":{"0":"post-1123","1":"product","2":"type-product","3":"status-publish","4":"has-post-thumbnail","6":"product_cat-cava-en","8":"first","9":"instock","10":"taxable","11":"shipping-taxable","12":"purchasable","13":"product-type-simple"},"acf":[],"yoast_head":"<!-- This site is optimized with the Yoast SEO plugin v27.4 - https:\/\/yoast.com\/product\/yoast-seo-wordpress\/ -->\n<title>Sof\u00eda Ca\u00f1izares Cava - Rafa Ca\u00f1izares<\/title>\n<meta name=\"description\" content=\"An organic cava with DOP Alicante, made with Macabeo and Chardonnay. Fresh and floral, offering notes of white fruits, Mediterranean herbs and subtle hints of pastries. Its fine and harmonious bubbles guarantee a balanced and persistent passage. Perfect to toast with elegance.\" \/>\n<meta name=\"robots\" content=\"index, follow, max-snippet:-1, max-image-preview:large, max-video-preview:-1\" \/>\n<link rel=\"canonical\" href=\"https:\/\/xn--rafacaizaresviticultor-pec.com\/en\/cava-en\/sofia-canizares-cava\/\" \/>\n<meta property=\"og:locale\" content=\"en_US\" \/>\n<meta property=\"og:type\" content=\"article\" \/>\n<meta property=\"og:title\" content=\"Sof\u00eda Ca\u00f1izares Cava - Rafa Ca\u00f1izares\" \/>\n<meta property=\"og:description\" content=\"An organic cava with DOP Alicante, made with Macabeo and Chardonnay. Fresh and floral, offering notes of white fruits, Mediterranean herbs and subtle hints of pastries. Its fine and harmonious bubbles guarantee a balanced and persistent passage. Perfect to toast with elegance.\" \/>\n<meta property=\"og:url\" content=\"https:\/\/xn--rafacaizaresviticultor-pec.com\/en\/cava-en\/sofia-canizares-cava\/\" \/>\n<meta property=\"og:site_name\" content=\"Rafa Ca\u00f1izares\" \/>\n<meta property=\"article:publisher\" content=\"https:\/\/www.facebook.com\/profile.php?id=61564981723625\" \/>\n<meta property=\"article:modified_time\" content=\"2025-04-01T18:18:05+00:00\" \/>\n<meta property=\"og:image\" content=\"https:\/\/xn--rafacaizaresviticultor-pec.com\/wp-content\/uploads\/2024\/11\/CAVA-sofia-canyizares-scaled.jpg\" \/>\n\t<meta property=\"og:image:width\" content=\"2560\" \/>\n\t<meta property=\"og:image:height\" content=\"2560\" \/>\n\t<meta property=\"og:image:type\" content=\"image\/jpeg\" \/>\n<meta name=\"twitter:card\" content=\"summary_large_image\" \/>\n<script type=\"application\/ld+json\" class=\"yoast-schema-graph\">{\"@context\":\"https:\\\/\\\/schema.org\",\"@graph\":[{\"@type\":\"WebPage\",\"@id\":\"https:\\\/\\\/xn--rafacaizaresviticultor-pec.com\\\/en\\\/cava-en\\\/sofia-canizares-cava\\\/\",\"url\":\"https:\\\/\\\/xn--rafacaizaresviticultor-pec.com\\\/en\\\/cava-en\\\/sofia-canizares-cava\\\/\",\"name\":\"Sof\u00eda Ca\u00f1izares Cava - Rafa Ca\u00f1izares\",\"isPartOf\":{\"@id\":\"https:\\\/\\\/xn--rafacaizaresviticultor-pec.com\\\/en\\\/#website\"},\"primaryImageOfPage\":{\"@id\":\"https:\\\/\\\/xn--rafacaizaresviticultor-pec.com\\\/en\\\/cava-en\\\/sofia-canizares-cava\\\/#primaryimage\"},\"image\":{\"@id\":\"https:\\\/\\\/xn--rafacaizaresviticultor-pec.com\\\/en\\\/cava-en\\\/sofia-canizares-cava\\\/#primaryimage\"},\"thumbnailUrl\":\"https:\\\/\\\/xn--rafacaizaresviticultor-pec.com\\\/wp-content\\\/uploads\\\/2024\\\/11\\\/CAVA-sofia-canyizares-scaled.jpg\",\"datePublished\":\"2024-11-19T14:54:55+00:00\",\"dateModified\":\"2025-04-01T18:18:05+00:00\",\"description\":\"An organic cava with DOP Alicante, made with Macabeo and Chardonnay. Fresh and floral, offering notes of white fruits, Mediterranean herbs and subtle hints of pastries. Its fine and harmonious bubbles guarantee a balanced and persistent passage. Perfect to toast with elegance.\",\"breadcrumb\":{\"@id\":\"https:\\\/\\\/xn--rafacaizaresviticultor-pec.com\\\/en\\\/cava-en\\\/sofia-canizares-cava\\\/#breadcrumb\"},\"inLanguage\":\"en-US\",\"potentialAction\":[{\"@type\":\"ReadAction\",\"target\":[\"https:\\\/\\\/xn--rafacaizaresviticultor-pec.com\\\/en\\\/cava-en\\\/sofia-canizares-cava\\\/\"]}]},{\"@type\":\"ImageObject\",\"inLanguage\":\"en-US\",\"@id\":\"https:\\\/\\\/xn--rafacaizaresviticultor-pec.com\\\/en\\\/cava-en\\\/sofia-canizares-cava\\\/#primaryimage\",\"url\":\"https:\\\/\\\/xn--rafacaizaresviticultor-pec.com\\\/wp-content\\\/uploads\\\/2024\\\/11\\\/CAVA-sofia-canyizares-scaled.jpg\",\"contentUrl\":\"https:\\\/\\\/xn--rafacaizaresviticultor-pec.com\\\/wp-content\\\/uploads\\\/2024\\\/11\\\/CAVA-sofia-canyizares-scaled.jpg\",\"width\":2560,\"height\":2560},{\"@type\":\"BreadcrumbList\",\"@id\":\"https:\\\/\\\/xn--rafacaizaresviticultor-pec.com\\\/en\\\/cava-en\\\/sofia-canizares-cava\\\/#breadcrumb\",\"itemListElement\":[{\"@type\":\"ListItem\",\"position\":1,\"name\":\"Inicio\",\"item\":\"https:\\\/\\\/xn--rafacaizaresviticultor-pec.com\\\/en\\\/home-2\\\/\"},{\"@type\":\"ListItem\",\"position\":2,\"name\":\"Store\",\"item\":\"https:\\\/\\\/xn--rafacaizaresviticultor-pec.com\\\/en\\\/store\\\/\"},{\"@type\":\"ListItem\",\"position\":3,\"name\":\"Sof\u00eda Ca\u00f1izares Cava\"}]},{\"@type\":\"WebSite\",\"@id\":\"https:\\\/\\\/xn--rafacaizaresviticultor-pec.com\\\/en\\\/#website\",\"url\":\"https:\\\/\\\/xn--rafacaizaresviticultor-pec.com\\\/en\\\/\",\"name\":\"Rafa Ca\u00f1izares\",\"description\":\"Viticultor\",\"publisher\":{\"@id\":\"https:\\\/\\\/xn--rafacaizaresviticultor-pec.com\\\/en\\\/#organization\"},\"potentialAction\":[{\"@type\":\"SearchAction\",\"target\":{\"@type\":\"EntryPoint\",\"urlTemplate\":\"https:\\\/\\\/xn--rafacaizaresviticultor-pec.com\\\/en\\\/?s={search_term_string}\"},\"query-input\":{\"@type\":\"PropertyValueSpecification\",\"valueRequired\":true,\"valueName\":\"search_term_string\"}}],\"inLanguage\":\"en-US\"},{\"@type\":\"Organization\",\"@id\":\"https:\\\/\\\/xn--rafacaizaresviticultor-pec.com\\\/en\\\/#organization\",\"name\":\"Rafa Ca\u00f1izares\",\"url\":\"https:\\\/\\\/xn--rafacaizaresviticultor-pec.com\\\/en\\\/\",\"logo\":{\"@type\":\"ImageObject\",\"inLanguage\":\"en-US\",\"@id\":\"https:\\\/\\\/xn--rafacaizaresviticultor-pec.com\\\/en\\\/#\\\/schema\\\/logo\\\/image\\\/\",\"url\":\"https:\\\/\\\/xn--rafacaizaresviticultor-pec.com\\\/wp-content\\\/uploads\\\/2024\\\/09\\\/Captura-de-pantalla-2024-09-30-a-las-16.07.14.png\",\"contentUrl\":\"https:\\\/\\\/xn--rafacaizaresviticultor-pec.com\\\/wp-content\\\/uploads\\\/2024\\\/09\\\/Captura-de-pantalla-2024-09-30-a-las-16.07.14.png\",\"width\":2664,\"height\":1100,\"caption\":\"Rafa Ca\u00f1izares\"},\"image\":{\"@id\":\"https:\\\/\\\/xn--rafacaizaresviticultor-pec.com\\\/en\\\/#\\\/schema\\\/logo\\\/image\\\/\"},\"sameAs\":[\"https:\\\/\\\/www.facebook.com\\\/profile.php?id=61564981723625\",\"https:\\\/\\\/www.instagram.com\\\/rafacanizares_viticultor\\\/\"]}]}<\/script>\n<!-- \/ Yoast SEO plugin. -->","yoast_head_json":{"title":"Sof\u00eda Ca\u00f1izares Cava - Rafa Ca\u00f1izares","description":"An organic cava with DOP Alicante, made with Macabeo and Chardonnay. Fresh and floral, offering notes of white fruits, Mediterranean herbs and subtle hints of pastries. Its fine and harmonious bubbles guarantee a balanced and persistent passage. Perfect to toast with elegance.","robots":{"index":"index","follow":"follow","max-snippet":"max-snippet:-1","max-image-preview":"max-image-preview:large","max-video-preview":"max-video-preview:-1"},"canonical":"https:\/\/xn--rafacaizaresviticultor-pec.com\/en\/cava-en\/sofia-canizares-cava\/","og_locale":"en_US","og_type":"article","og_title":"Sof\u00eda Ca\u00f1izares Cava - Rafa Ca\u00f1izares","og_description":"An organic cava with DOP Alicante, made with Macabeo and Chardonnay. Fresh and floral, offering notes of white fruits, Mediterranean herbs and subtle hints of pastries. Its fine and harmonious bubbles guarantee a balanced and persistent passage. Perfect to toast with elegance.","og_url":"https:\/\/xn--rafacaizaresviticultor-pec.com\/en\/cava-en\/sofia-canizares-cava\/","og_site_name":"Rafa Ca\u00f1izares","article_publisher":"https:\/\/www.facebook.com\/profile.php?id=61564981723625","article_modified_time":"2025-04-01T18:18:05+00:00","og_image":[{"width":2560,"height":2560,"url":"https:\/\/xn--rafacaizaresviticultor-pec.com\/wp-content\/uploads\/2024\/11\/CAVA-sofia-canyizares-scaled.jpg","type":"image\/jpeg"}],"twitter_card":"summary_large_image","schema":{"@context":"https:\/\/schema.org","@graph":[{"@type":"WebPage","@id":"https:\/\/xn--rafacaizaresviticultor-pec.com\/en\/cava-en\/sofia-canizares-cava\/","url":"https:\/\/xn--rafacaizaresviticultor-pec.com\/en\/cava-en\/sofia-canizares-cava\/","name":"Sof\u00eda Ca\u00f1izares Cava - Rafa Ca\u00f1izares","isPartOf":{"@id":"https:\/\/xn--rafacaizaresviticultor-pec.com\/en\/#website"},"primaryImageOfPage":{"@id":"https:\/\/xn--rafacaizaresviticultor-pec.com\/en\/cava-en\/sofia-canizares-cava\/#primaryimage"},"image":{"@id":"https:\/\/xn--rafacaizaresviticultor-pec.com\/en\/cava-en\/sofia-canizares-cava\/#primaryimage"},"thumbnailUrl":"https:\/\/xn--rafacaizaresviticultor-pec.com\/wp-content\/uploads\/2024\/11\/CAVA-sofia-canyizares-scaled.jpg","datePublished":"2024-11-19T14:54:55+00:00","dateModified":"2025-04-01T18:18:05+00:00","description":"An organic cava with DOP Alicante, made with Macabeo and Chardonnay. Fresh and floral, offering notes of white fruits, Mediterranean herbs and subtle hints of pastries. Its fine and harmonious bubbles guarantee a balanced and persistent passage. Perfect to toast with elegance.","breadcrumb":{"@id":"https:\/\/xn--rafacaizaresviticultor-pec.com\/en\/cava-en\/sofia-canizares-cava\/#breadcrumb"},"inLanguage":"en-US","potentialAction":[{"@type":"ReadAction","target":["https:\/\/xn--rafacaizaresviticultor-pec.com\/en\/cava-en\/sofia-canizares-cava\/"]}]},{"@type":"ImageObject","inLanguage":"en-US","@id":"https:\/\/xn--rafacaizaresviticultor-pec.com\/en\/cava-en\/sofia-canizares-cava\/#primaryimage","url":"https:\/\/xn--rafacaizaresviticultor-pec.com\/wp-content\/uploads\/2024\/11\/CAVA-sofia-canyizares-scaled.jpg","contentUrl":"https:\/\/xn--rafacaizaresviticultor-pec.com\/wp-content\/uploads\/2024\/11\/CAVA-sofia-canyizares-scaled.jpg","width":2560,"height":2560},{"@type":"BreadcrumbList","@id":"https:\/\/xn--rafacaizaresviticultor-pec.com\/en\/cava-en\/sofia-canizares-cava\/#breadcrumb","itemListElement":[{"@type":"ListItem","position":1,"name":"Inicio","item":"https:\/\/xn--rafacaizaresviticultor-pec.com\/en\/home-2\/"},{"@type":"ListItem","position":2,"name":"Store","item":"https:\/\/xn--rafacaizaresviticultor-pec.com\/en\/store\/"},{"@type":"ListItem","position":3,"name":"Sof\u00eda Ca\u00f1izares Cava"}]},{"@type":"WebSite","@id":"https:\/\/xn--rafacaizaresviticultor-pec.com\/en\/#website","url":"https:\/\/xn--rafacaizaresviticultor-pec.com\/en\/","name":"Rafa Ca\u00f1izares","description":"Viticultor","publisher":{"@id":"https:\/\/xn--rafacaizaresviticultor-pec.com\/en\/#organization"},"potentialAction":[{"@type":"SearchAction","target":{"@type":"EntryPoint","urlTemplate":"https:\/\/xn--rafacaizaresviticultor-pec.com\/en\/?s={search_term_string}"},"query-input":{"@type":"PropertyValueSpecification","valueRequired":true,"valueName":"search_term_string"}}],"inLanguage":"en-US"},{"@type":"Organization","@id":"https:\/\/xn--rafacaizaresviticultor-pec.com\/en\/#organization","name":"Rafa Ca\u00f1izares","url":"https:\/\/xn--rafacaizaresviticultor-pec.com\/en\/","logo":{"@type":"ImageObject","inLanguage":"en-US","@id":"https:\/\/xn--rafacaizaresviticultor-pec.com\/en\/#\/schema\/logo\/image\/","url":"https:\/\/xn--rafacaizaresviticultor-pec.com\/wp-content\/uploads\/2024\/09\/Captura-de-pantalla-2024-09-30-a-las-16.07.14.png","contentUrl":"https:\/\/xn--rafacaizaresviticultor-pec.com\/wp-content\/uploads\/2024\/09\/Captura-de-pantalla-2024-09-30-a-las-16.07.14.png","width":2664,"height":1100,"caption":"Rafa Ca\u00f1izares"},"image":{"@id":"https:\/\/xn--rafacaizaresviticultor-pec.com\/en\/#\/schema\/logo\/image\/"},"sameAs":["https:\/\/www.facebook.com\/profile.php?id=61564981723625","https:\/\/www.instagram.com\/rafacanizares_viticultor\/"]}]}},"_links":{"self":[{"href":"https:\/\/xn--rafacaizaresviticultor-pec.com\/en\/wp-json\/wp\/v2\/product\/1123","targetHints":{"allow":["GET"]}}],"collection":[{"href":"https:\/\/xn--rafacaizaresviticultor-pec.com\/en\/wp-json\/wp\/v2\/product"}],"about":[{"href":"https:\/\/xn--rafacaizaresviticultor-pec.com\/en\/wp-json\/wp\/v2\/types\/product"}],"version-history":[{"count":1,"href":"https:\/\/xn--rafacaizaresviticultor-pec.com\/en\/wp-json\/wp\/v2\/product\/1123\/revisions"}],"predecessor-version":[{"id":1517,"href":"https:\/\/xn--rafacaizaresviticultor-pec.com\/en\/wp-json\/wp\/v2\/product\/1123\/revisions\/1517"}],"wp:featuredmedia":[{"embeddable":true,"href":"https:\/\/xn--rafacaizaresviticultor-pec.com\/en\/wp-json\/wp\/v2\/media\/742"}],"wp:attachment":[{"href":"https:\/\/xn--rafacaizaresviticultor-pec.com\/en\/wp-json\/wp\/v2\/media?parent=1123"}],"wp:term":[{"taxonomy":"product_brand","embeddable":true,"href":"https:\/\/xn--rafacaizaresviticultor-pec.com\/en\/wp-json\/wp\/v2\/product_brand?post=1123"},{"taxonomy":"product_cat","embeddable":true,"href":"https:\/\/xn--rafacaizaresviticultor-pec.com\/en\/wp-json\/wp\/v2\/product_cat?post=1123"},{"taxonomy":"product_tag","embeddable":true,"href":"https:\/\/xn--rafacaizaresviticultor-pec.com\/en\/wp-json\/wp\/v2\/product_tag?post=1123"}],"curies":[{"name":"wp","href":"https:\/\/api.w.org\/{rel}","templated":true}]}}