{"id":1124,"date":"2024-11-19T15:00:45","date_gmt":"2024-11-19T15:00:45","guid":{"rendered":"https:\/\/xn--rafacaizaresviticultor-pec.com\/uncategorized\/sofia-canizares-macabeo-chardonnay-moscatel\/"},"modified":"2026-01-23T09:25:33","modified_gmt":"2026-01-23T09:25:33","slug":"sofia-canizares-macabeo-chardonnay-moscatel","status":"publish","type":"product","link":"https:\/\/xn--rafacaizaresviticultor-pec.com\/en\/white-wines\/sofia-canizares-macabeo-chardonnay-moscatel\/","title":{"rendered":"Sof\u00eda Ca\u00f1izares Macabeo, Chardonnay, Moscatel"},"content":{"rendered":"<p>A wine with DOP Alicante, made with Macabeo, Chardonnay and Moscatel. Fresh and Mediterranean, it combines fruity and floral notes with an agile and balanced structure. Perfect for pairing, it offers volume, complexity and an elegant finish.<\/p>\n","protected":false},"excerpt":{"rendered":"<p>A wine with DOP Alicante, made with Macabeo, Chardonnay and Moscatel. Fresh and Mediterranean, it combines fruity and floral notes with an agile and balanced structure. Perfect for pairing, it offers volume, complexity and an elegant finish.<\/p>\n","protected":false},"featured_media":744,"template":"","meta":{"_acf_changed":false},"product_brand":[],"product_cat":[47],"product_tag":[],"class_list":{"0":"post-1124","1":"product","2":"type-product","3":"status-publish","4":"has-post-thumbnail","6":"product_cat-white-wines","8":"first","9":"instock","10":"taxable","11":"shipping-taxable","12":"purchasable","13":"product-type-simple"},"acf":[],"yoast_head":"<!-- This site is optimized with the Yoast SEO plugin v27.4 - https:\/\/yoast.com\/product\/yoast-seo-wordpress\/ -->\n<title>Sof\u00eda Ca\u00f1izares Macabeo, Chardonnay, Moscatel - Rafa Ca\u00f1izares<\/title>\n<meta name=\"description\" content=\"A wine with DOP Alicante, made with Macabeo, Chardonnay and Moscatel. Fresh and Mediterranean, it combines fruity and floral notes with an agile and balanced structure. Perfect for pairing, it offers volume, complexity and an elegant finish.\" \/>\n<meta name=\"robots\" content=\"index, follow, max-snippet:-1, max-image-preview:large, max-video-preview:-1\" \/>\n<link rel=\"canonical\" href=\"https:\/\/xn--rafacaizaresviticultor-pec.com\/en\/white-wines\/sofia-canizares-macabeo-chardonnay-moscatel\/\" \/>\n<meta property=\"og:locale\" content=\"en_US\" \/>\n<meta property=\"og:type\" content=\"article\" \/>\n<meta property=\"og:title\" content=\"Sof\u00eda Ca\u00f1izares Macabeo, Chardonnay, Moscatel - Rafa Ca\u00f1izares\" \/>\n<meta property=\"og:description\" content=\"A wine with DOP Alicante, made with Macabeo, Chardonnay and Moscatel. Fresh and Mediterranean, it combines fruity and floral notes with an agile and balanced structure. Perfect for pairing, it offers volume, complexity and an elegant finish.\" \/>\n<meta property=\"og:url\" content=\"https:\/\/xn--rafacaizaresviticultor-pec.com\/en\/white-wines\/sofia-canizares-macabeo-chardonnay-moscatel\/\" \/>\n<meta property=\"og:site_name\" content=\"Rafa Ca\u00f1izares\" \/>\n<meta property=\"article:publisher\" content=\"https:\/\/www.facebook.com\/profile.php?id=61564981723625\" \/>\n<meta property=\"article:modified_time\" content=\"2026-01-23T09:25:33+00:00\" \/>\n<meta property=\"og:image\" content=\"https:\/\/xn--rafacaizaresviticultor-pec.com\/wp-content\/uploads\/2024\/11\/rafa-canizares-botellas-5-scaled.jpg\" \/>\n\t<meta property=\"og:image:width\" content=\"2560\" \/>\n\t<meta property=\"og:image:height\" content=\"2560\" \/>\n\t<meta property=\"og:image:type\" content=\"image\/jpeg\" \/>\n<meta name=\"twitter:card\" content=\"summary_large_image\" \/>\n<script type=\"application\/ld+json\" class=\"yoast-schema-graph\">{\"@context\":\"https:\\\/\\\/schema.org\",\"@graph\":[{\"@type\":\"WebPage\",\"@id\":\"https:\\\/\\\/xn--rafacaizaresviticultor-pec.com\\\/en\\\/white-wines\\\/sofia-canizares-macabeo-chardonnay-moscatel\\\/\",\"url\":\"https:\\\/\\\/xn--rafacaizaresviticultor-pec.com\\\/en\\\/white-wines\\\/sofia-canizares-macabeo-chardonnay-moscatel\\\/\",\"name\":\"Sof\u00eda Ca\u00f1izares Macabeo, Chardonnay, Moscatel - Rafa Ca\u00f1izares\",\"isPartOf\":{\"@id\":\"https:\\\/\\\/xn--rafacaizaresviticultor-pec.com\\\/en\\\/#website\"},\"primaryImageOfPage\":{\"@id\":\"https:\\\/\\\/xn--rafacaizaresviticultor-pec.com\\\/en\\\/white-wines\\\/sofia-canizares-macabeo-chardonnay-moscatel\\\/#primaryimage\"},\"image\":{\"@id\":\"https:\\\/\\\/xn--rafacaizaresviticultor-pec.com\\\/en\\\/white-wines\\\/sofia-canizares-macabeo-chardonnay-moscatel\\\/#primaryimage\"},\"thumbnailUrl\":\"https:\\\/\\\/xn--rafacaizaresviticultor-pec.com\\\/wp-content\\\/uploads\\\/2024\\\/11\\\/rafa-canizares-botellas-5-scaled.jpg\",\"datePublished\":\"2024-11-19T15:00:45+00:00\",\"dateModified\":\"2026-01-23T09:25:33+00:00\",\"description\":\"A wine with DOP Alicante, made with Macabeo, Chardonnay and Moscatel. Fresh and Mediterranean, it combines fruity and floral notes with an agile and balanced structure. Perfect for pairing, it offers volume, complexity and an elegant finish.\",\"breadcrumb\":{\"@id\":\"https:\\\/\\\/xn--rafacaizaresviticultor-pec.com\\\/en\\\/white-wines\\\/sofia-canizares-macabeo-chardonnay-moscatel\\\/#breadcrumb\"},\"inLanguage\":\"en-US\",\"potentialAction\":[{\"@type\":\"ReadAction\",\"target\":[\"https:\\\/\\\/xn--rafacaizaresviticultor-pec.com\\\/en\\\/white-wines\\\/sofia-canizares-macabeo-chardonnay-moscatel\\\/\"]}]},{\"@type\":\"ImageObject\",\"inLanguage\":\"en-US\",\"@id\":\"https:\\\/\\\/xn--rafacaizaresviticultor-pec.com\\\/en\\\/white-wines\\\/sofia-canizares-macabeo-chardonnay-moscatel\\\/#primaryimage\",\"url\":\"https:\\\/\\\/xn--rafacaizaresviticultor-pec.com\\\/wp-content\\\/uploads\\\/2024\\\/11\\\/rafa-canizares-botellas-5-scaled.jpg\",\"contentUrl\":\"https:\\\/\\\/xn--rafacaizaresviticultor-pec.com\\\/wp-content\\\/uploads\\\/2024\\\/11\\\/rafa-canizares-botellas-5-scaled.jpg\",\"width\":2560,\"height\":2560},{\"@type\":\"BreadcrumbList\",\"@id\":\"https:\\\/\\\/xn--rafacaizaresviticultor-pec.com\\\/en\\\/white-wines\\\/sofia-canizares-macabeo-chardonnay-moscatel\\\/#breadcrumb\",\"itemListElement\":[{\"@type\":\"ListItem\",\"position\":1,\"name\":\"Inicio\",\"item\":\"https:\\\/\\\/xn--rafacaizaresviticultor-pec.com\\\/en\\\/home-2\\\/\"},{\"@type\":\"ListItem\",\"position\":2,\"name\":\"Store\",\"item\":\"https:\\\/\\\/xn--rafacaizaresviticultor-pec.com\\\/en\\\/store\\\/\"},{\"@type\":\"ListItem\",\"position\":3,\"name\":\"Sof\u00eda Ca\u00f1izares Macabeo, Chardonnay, Moscatel\"}]},{\"@type\":\"WebSite\",\"@id\":\"https:\\\/\\\/xn--rafacaizaresviticultor-pec.com\\\/en\\\/#website\",\"url\":\"https:\\\/\\\/xn--rafacaizaresviticultor-pec.com\\\/en\\\/\",\"name\":\"Rafa Ca\u00f1izares\",\"description\":\"Viticultor\",\"publisher\":{\"@id\":\"https:\\\/\\\/xn--rafacaizaresviticultor-pec.com\\\/en\\\/#organization\"},\"potentialAction\":[{\"@type\":\"SearchAction\",\"target\":{\"@type\":\"EntryPoint\",\"urlTemplate\":\"https:\\\/\\\/xn--rafacaizaresviticultor-pec.com\\\/en\\\/?s={search_term_string}\"},\"query-input\":{\"@type\":\"PropertyValueSpecification\",\"valueRequired\":true,\"valueName\":\"search_term_string\"}}],\"inLanguage\":\"en-US\"},{\"@type\":\"Organization\",\"@id\":\"https:\\\/\\\/xn--rafacaizaresviticultor-pec.com\\\/en\\\/#organization\",\"name\":\"Rafa Ca\u00f1izares\",\"url\":\"https:\\\/\\\/xn--rafacaizaresviticultor-pec.com\\\/en\\\/\",\"logo\":{\"@type\":\"ImageObject\",\"inLanguage\":\"en-US\",\"@id\":\"https:\\\/\\\/xn--rafacaizaresviticultor-pec.com\\\/en\\\/#\\\/schema\\\/logo\\\/image\\\/\",\"url\":\"https:\\\/\\\/xn--rafacaizaresviticultor-pec.com\\\/wp-content\\\/uploads\\\/2024\\\/09\\\/Captura-de-pantalla-2024-09-30-a-las-16.07.14.png\",\"contentUrl\":\"https:\\\/\\\/xn--rafacaizaresviticultor-pec.com\\\/wp-content\\\/uploads\\\/2024\\\/09\\\/Captura-de-pantalla-2024-09-30-a-las-16.07.14.png\",\"width\":2664,\"height\":1100,\"caption\":\"Rafa Ca\u00f1izares\"},\"image\":{\"@id\":\"https:\\\/\\\/xn--rafacaizaresviticultor-pec.com\\\/en\\\/#\\\/schema\\\/logo\\\/image\\\/\"},\"sameAs\":[\"https:\\\/\\\/www.facebook.com\\\/profile.php?id=61564981723625\",\"https:\\\/\\\/www.instagram.com\\\/rafacanizares_viticultor\\\/\"]}]}<\/script>\n<!-- \/ Yoast SEO plugin. -->","yoast_head_json":{"title":"Sof\u00eda Ca\u00f1izares Macabeo, Chardonnay, Moscatel - Rafa Ca\u00f1izares","description":"A wine with DOP Alicante, made with Macabeo, Chardonnay and Moscatel. Fresh and Mediterranean, it combines fruity and floral notes with an agile and balanced structure. Perfect for pairing, it offers volume, complexity and an elegant finish.","robots":{"index":"index","follow":"follow","max-snippet":"max-snippet:-1","max-image-preview":"max-image-preview:large","max-video-preview":"max-video-preview:-1"},"canonical":"https:\/\/xn--rafacaizaresviticultor-pec.com\/en\/white-wines\/sofia-canizares-macabeo-chardonnay-moscatel\/","og_locale":"en_US","og_type":"article","og_title":"Sof\u00eda Ca\u00f1izares Macabeo, Chardonnay, Moscatel - Rafa Ca\u00f1izares","og_description":"A wine with DOP Alicante, made with Macabeo, Chardonnay and Moscatel. Fresh and Mediterranean, it combines fruity and floral notes with an agile and balanced structure. Perfect for pairing, it offers volume, complexity and an elegant finish.","og_url":"https:\/\/xn--rafacaizaresviticultor-pec.com\/en\/white-wines\/sofia-canizares-macabeo-chardonnay-moscatel\/","og_site_name":"Rafa Ca\u00f1izares","article_publisher":"https:\/\/www.facebook.com\/profile.php?id=61564981723625","article_modified_time":"2026-01-23T09:25:33+00:00","og_image":[{"width":2560,"height":2560,"url":"https:\/\/xn--rafacaizaresviticultor-pec.com\/wp-content\/uploads\/2024\/11\/rafa-canizares-botellas-5-scaled.jpg","type":"image\/jpeg"}],"twitter_card":"summary_large_image","schema":{"@context":"https:\/\/schema.org","@graph":[{"@type":"WebPage","@id":"https:\/\/xn--rafacaizaresviticultor-pec.com\/en\/white-wines\/sofia-canizares-macabeo-chardonnay-moscatel\/","url":"https:\/\/xn--rafacaizaresviticultor-pec.com\/en\/white-wines\/sofia-canizares-macabeo-chardonnay-moscatel\/","name":"Sof\u00eda Ca\u00f1izares Macabeo, Chardonnay, Moscatel - Rafa Ca\u00f1izares","isPartOf":{"@id":"https:\/\/xn--rafacaizaresviticultor-pec.com\/en\/#website"},"primaryImageOfPage":{"@id":"https:\/\/xn--rafacaizaresviticultor-pec.com\/en\/white-wines\/sofia-canizares-macabeo-chardonnay-moscatel\/#primaryimage"},"image":{"@id":"https:\/\/xn--rafacaizaresviticultor-pec.com\/en\/white-wines\/sofia-canizares-macabeo-chardonnay-moscatel\/#primaryimage"},"thumbnailUrl":"https:\/\/xn--rafacaizaresviticultor-pec.com\/wp-content\/uploads\/2024\/11\/rafa-canizares-botellas-5-scaled.jpg","datePublished":"2024-11-19T15:00:45+00:00","dateModified":"2026-01-23T09:25:33+00:00","description":"A wine with DOP Alicante, made with Macabeo, Chardonnay and Moscatel. Fresh and Mediterranean, it combines fruity and floral notes with an agile and balanced structure. Perfect for pairing, it offers volume, complexity and an elegant finish.","breadcrumb":{"@id":"https:\/\/xn--rafacaizaresviticultor-pec.com\/en\/white-wines\/sofia-canizares-macabeo-chardonnay-moscatel\/#breadcrumb"},"inLanguage":"en-US","potentialAction":[{"@type":"ReadAction","target":["https:\/\/xn--rafacaizaresviticultor-pec.com\/en\/white-wines\/sofia-canizares-macabeo-chardonnay-moscatel\/"]}]},{"@type":"ImageObject","inLanguage":"en-US","@id":"https:\/\/xn--rafacaizaresviticultor-pec.com\/en\/white-wines\/sofia-canizares-macabeo-chardonnay-moscatel\/#primaryimage","url":"https:\/\/xn--rafacaizaresviticultor-pec.com\/wp-content\/uploads\/2024\/11\/rafa-canizares-botellas-5-scaled.jpg","contentUrl":"https:\/\/xn--rafacaizaresviticultor-pec.com\/wp-content\/uploads\/2024\/11\/rafa-canizares-botellas-5-scaled.jpg","width":2560,"height":2560},{"@type":"BreadcrumbList","@id":"https:\/\/xn--rafacaizaresviticultor-pec.com\/en\/white-wines\/sofia-canizares-macabeo-chardonnay-moscatel\/#breadcrumb","itemListElement":[{"@type":"ListItem","position":1,"name":"Inicio","item":"https:\/\/xn--rafacaizaresviticultor-pec.com\/en\/home-2\/"},{"@type":"ListItem","position":2,"name":"Store","item":"https:\/\/xn--rafacaizaresviticultor-pec.com\/en\/store\/"},{"@type":"ListItem","position":3,"name":"Sof\u00eda Ca\u00f1izares Macabeo, Chardonnay, Moscatel"}]},{"@type":"WebSite","@id":"https:\/\/xn--rafacaizaresviticultor-pec.com\/en\/#website","url":"https:\/\/xn--rafacaizaresviticultor-pec.com\/en\/","name":"Rafa Ca\u00f1izares","description":"Viticultor","publisher":{"@id":"https:\/\/xn--rafacaizaresviticultor-pec.com\/en\/#organization"},"potentialAction":[{"@type":"SearchAction","target":{"@type":"EntryPoint","urlTemplate":"https:\/\/xn--rafacaizaresviticultor-pec.com\/en\/?s={search_term_string}"},"query-input":{"@type":"PropertyValueSpecification","valueRequired":true,"valueName":"search_term_string"}}],"inLanguage":"en-US"},{"@type":"Organization","@id":"https:\/\/xn--rafacaizaresviticultor-pec.com\/en\/#organization","name":"Rafa Ca\u00f1izares","url":"https:\/\/xn--rafacaizaresviticultor-pec.com\/en\/","logo":{"@type":"ImageObject","inLanguage":"en-US","@id":"https:\/\/xn--rafacaizaresviticultor-pec.com\/en\/#\/schema\/logo\/image\/","url":"https:\/\/xn--rafacaizaresviticultor-pec.com\/wp-content\/uploads\/2024\/09\/Captura-de-pantalla-2024-09-30-a-las-16.07.14.png","contentUrl":"https:\/\/xn--rafacaizaresviticultor-pec.com\/wp-content\/uploads\/2024\/09\/Captura-de-pantalla-2024-09-30-a-las-16.07.14.png","width":2664,"height":1100,"caption":"Rafa Ca\u00f1izares"},"image":{"@id":"https:\/\/xn--rafacaizaresviticultor-pec.com\/en\/#\/schema\/logo\/image\/"},"sameAs":["https:\/\/www.facebook.com\/profile.php?id=61564981723625","https:\/\/www.instagram.com\/rafacanizares_viticultor\/"]}]}},"_links":{"self":[{"href":"https:\/\/xn--rafacaizaresviticultor-pec.com\/en\/wp-json\/wp\/v2\/product\/1124","targetHints":{"allow":["GET"]}}],"collection":[{"href":"https:\/\/xn--rafacaizaresviticultor-pec.com\/en\/wp-json\/wp\/v2\/product"}],"about":[{"href":"https:\/\/xn--rafacaizaresviticultor-pec.com\/en\/wp-json\/wp\/v2\/types\/product"}],"version-history":[{"count":1,"href":"https:\/\/xn--rafacaizaresviticultor-pec.com\/en\/wp-json\/wp\/v2\/product\/1124\/revisions"}],"predecessor-version":[{"id":2315,"href":"https:\/\/xn--rafacaizaresviticultor-pec.com\/en\/wp-json\/wp\/v2\/product\/1124\/revisions\/2315"}],"wp:featuredmedia":[{"embeddable":true,"href":"https:\/\/xn--rafacaizaresviticultor-pec.com\/en\/wp-json\/wp\/v2\/media\/744"}],"wp:attachment":[{"href":"https:\/\/xn--rafacaizaresviticultor-pec.com\/en\/wp-json\/wp\/v2\/media?parent=1124"}],"wp:term":[{"taxonomy":"product_brand","embeddable":true,"href":"https:\/\/xn--rafacaizaresviticultor-pec.com\/en\/wp-json\/wp\/v2\/product_brand?post=1124"},{"taxonomy":"product_cat","embeddable":true,"href":"https:\/\/xn--rafacaizaresviticultor-pec.com\/en\/wp-json\/wp\/v2\/product_cat?post=1124"},{"taxonomy":"product_tag","embeddable":true,"href":"https:\/\/xn--rafacaizaresviticultor-pec.com\/en\/wp-json\/wp\/v2\/product_tag?post=1124"}],"curies":[{"name":"wp","href":"https:\/\/api.w.org\/{rel}","templated":true}]}}