{"id":2041,"date":"2025-10-22T18:05:31","date_gmt":"2025-10-22T18:05:31","guid":{"rendered":"https:\/\/xn--rafacaizaresviticultor-pec.com\/uncategorized\/rafa-canizares-sweet-mistela-moscatell\/"},"modified":"2026-01-26T10:48:09","modified_gmt":"2026-01-26T10:48:09","slug":"rafa-canizares-sweet-mistela-moscatell","status":"publish","type":"product","link":"https:\/\/xn--rafacaizaresviticultor-pec.com\/en\/white-wines\/rafa-canizares-sweet-mistela-moscatell\/","title":{"rendered":"Rafa Ca\u00f1izares Sweet Mistela Moscatell"},"content":{"rendered":"<p><strong data-start=\"297\" data-end=\"327\">Rafa Ca\u00f1izares&#8217; Moscatel<\/strong> is an authentic expression of the <strong data-start=\"370\" data-end=\"396\">Muscat of Alexandria<\/strong> variety, grown under the Alicante sun and caressed by the Mediterranean breeze. Made from carefully selected grapes harvested by hand, this sweet wine reflects the tradition and sensitivity of a land where vines have been part of the landscape for centuries.<\/p>\n","protected":false},"excerpt":{"rendered":"<p>Rafa Ca\u00f1izares&#8217; Moscatel is an authentic expression of the Muscat of Alexandria variety, grown under the Alicante sun and caressed by the Mediterranean breeze. Made from carefully selected grapes harvested by hand, this sweet wine reflects the tradition and sensitivity of a land where vines have been part of the landscape for centuries.<\/p>\n","protected":false},"featured_media":2039,"template":"","meta":{"_acf_changed":false},"product_brand":[],"product_cat":[47],"product_tag":[],"class_list":{"0":"post-2041","1":"product","2":"type-product","3":"status-publish","4":"has-post-thumbnail","6":"product_cat-white-wines","8":"first","9":"instock","10":"taxable","11":"shipping-taxable","12":"purchasable","13":"product-type-simple"},"acf":[],"yoast_head":"<!-- This site is optimized with the Yoast SEO plugin v27.5 - https:\/\/yoast.com\/product\/yoast-seo-wordpress\/ -->\n<title>Rafa Ca\u00f1izares Sweet Mistela Moscatell - Rafa Ca\u00f1izares<\/title>\n<meta name=\"robots\" content=\"index, follow, max-snippet:-1, max-image-preview:large, max-video-preview:-1\" \/>\n<link rel=\"canonical\" href=\"https:\/\/xn--rafacaizaresviticultor-pec.com\/en\/white-wines\/rafa-canizares-sweet-mistela-moscatell\/\" \/>\n<meta property=\"og:locale\" content=\"en_US\" \/>\n<meta property=\"og:type\" content=\"article\" \/>\n<meta property=\"og:title\" content=\"Rafa Ca\u00f1izares Sweet Mistela Moscatell - Rafa Ca\u00f1izares\" \/>\n<meta property=\"og:description\" content=\"Rafa Ca\u00f1izares&#8217; Moscatel is an authentic expression of the Muscat of Alexandria variety, grown under the Alicante sun and caressed by the Mediterranean breeze. Made from carefully selected grapes harvested by hand, this sweet wine reflects the tradition and sensitivity of a land where vines have been part of the landscape for centuries.\" \/>\n<meta property=\"og:url\" content=\"https:\/\/xn--rafacaizaresviticultor-pec.com\/en\/white-wines\/rafa-canizares-sweet-mistela-moscatell\/\" \/>\n<meta property=\"og:site_name\" content=\"Rafa Ca\u00f1izares\" \/>\n<meta property=\"article:publisher\" content=\"https:\/\/www.facebook.com\/profile.php?id=61564981723625\" \/>\n<meta property=\"article:modified_time\" content=\"2026-01-26T10:48:09+00:00\" \/>\n<meta property=\"og:image\" content=\"https:\/\/xn--rafacaizaresviticultor-pec.com\/wp-content\/uploads\/2025\/10\/foto-12.png\" \/>\n\t<meta property=\"og:image:width\" content=\"1080\" \/>\n\t<meta property=\"og:image:height\" content=\"1080\" \/>\n\t<meta property=\"og:image:type\" content=\"image\/png\" \/>\n<meta name=\"twitter:card\" content=\"summary_large_image\" \/>\n<script type=\"application\/ld+json\" class=\"yoast-schema-graph\">{\"@context\":\"https:\\\/\\\/schema.org\",\"@graph\":[{\"@type\":\"WebPage\",\"@id\":\"https:\\\/\\\/xn--rafacaizaresviticultor-pec.com\\\/en\\\/white-wines\\\/rafa-canizares-sweet-mistela-moscatell\\\/\",\"url\":\"https:\\\/\\\/xn--rafacaizaresviticultor-pec.com\\\/en\\\/white-wines\\\/rafa-canizares-sweet-mistela-moscatell\\\/\",\"name\":\"Rafa Ca\u00f1izares Sweet Mistela Moscatell - Rafa Ca\u00f1izares\",\"isPartOf\":{\"@id\":\"https:\\\/\\\/xn--rafacaizaresviticultor-pec.com\\\/en\\\/#website\"},\"primaryImageOfPage\":{\"@id\":\"https:\\\/\\\/xn--rafacaizaresviticultor-pec.com\\\/en\\\/white-wines\\\/rafa-canizares-sweet-mistela-moscatell\\\/#primaryimage\"},\"image\":{\"@id\":\"https:\\\/\\\/xn--rafacaizaresviticultor-pec.com\\\/en\\\/white-wines\\\/rafa-canizares-sweet-mistela-moscatell\\\/#primaryimage\"},\"thumbnailUrl\":\"https:\\\/\\\/xn--rafacaizaresviticultor-pec.com\\\/wp-content\\\/uploads\\\/2025\\\/10\\\/foto-12.png\",\"datePublished\":\"2025-10-22T18:05:31+00:00\",\"dateModified\":\"2026-01-26T10:48:09+00:00\",\"breadcrumb\":{\"@id\":\"https:\\\/\\\/xn--rafacaizaresviticultor-pec.com\\\/en\\\/white-wines\\\/rafa-canizares-sweet-mistela-moscatell\\\/#breadcrumb\"},\"inLanguage\":\"en-US\",\"potentialAction\":[{\"@type\":\"ReadAction\",\"target\":[\"https:\\\/\\\/xn--rafacaizaresviticultor-pec.com\\\/en\\\/white-wines\\\/rafa-canizares-sweet-mistela-moscatell\\\/\"]}]},{\"@type\":\"ImageObject\",\"inLanguage\":\"en-US\",\"@id\":\"https:\\\/\\\/xn--rafacaizaresviticultor-pec.com\\\/en\\\/white-wines\\\/rafa-canizares-sweet-mistela-moscatell\\\/#primaryimage\",\"url\":\"https:\\\/\\\/xn--rafacaizaresviticultor-pec.com\\\/wp-content\\\/uploads\\\/2025\\\/10\\\/foto-12.png\",\"contentUrl\":\"https:\\\/\\\/xn--rafacaizaresviticultor-pec.com\\\/wp-content\\\/uploads\\\/2025\\\/10\\\/foto-12.png\",\"width\":1080,\"height\":1080},{\"@type\":\"BreadcrumbList\",\"@id\":\"https:\\\/\\\/xn--rafacaizaresviticultor-pec.com\\\/en\\\/white-wines\\\/rafa-canizares-sweet-mistela-moscatell\\\/#breadcrumb\",\"itemListElement\":[{\"@type\":\"ListItem\",\"position\":1,\"name\":\"Inicio\",\"item\":\"https:\\\/\\\/xn--rafacaizaresviticultor-pec.com\\\/en\\\/home-2\\\/\"},{\"@type\":\"ListItem\",\"position\":2,\"name\":\"Store\",\"item\":\"https:\\\/\\\/xn--rafacaizaresviticultor-pec.com\\\/en\\\/store\\\/\"},{\"@type\":\"ListItem\",\"position\":3,\"name\":\"Rafa Ca\u00f1izares Sweet Mistela Moscatell\"}]},{\"@type\":\"WebSite\",\"@id\":\"https:\\\/\\\/xn--rafacaizaresviticultor-pec.com\\\/en\\\/#website\",\"url\":\"https:\\\/\\\/xn--rafacaizaresviticultor-pec.com\\\/en\\\/\",\"name\":\"Rafa Ca\u00f1izares\",\"description\":\"Viticultor\",\"publisher\":{\"@id\":\"https:\\\/\\\/xn--rafacaizaresviticultor-pec.com\\\/en\\\/#organization\"},\"potentialAction\":[{\"@type\":\"SearchAction\",\"target\":{\"@type\":\"EntryPoint\",\"urlTemplate\":\"https:\\\/\\\/xn--rafacaizaresviticultor-pec.com\\\/en\\\/?s={search_term_string}\"},\"query-input\":{\"@type\":\"PropertyValueSpecification\",\"valueRequired\":true,\"valueName\":\"search_term_string\"}}],\"inLanguage\":\"en-US\"},{\"@type\":\"Organization\",\"@id\":\"https:\\\/\\\/xn--rafacaizaresviticultor-pec.com\\\/en\\\/#organization\",\"name\":\"Rafa Ca\u00f1izares\",\"url\":\"https:\\\/\\\/xn--rafacaizaresviticultor-pec.com\\\/en\\\/\",\"logo\":{\"@type\":\"ImageObject\",\"inLanguage\":\"en-US\",\"@id\":\"https:\\\/\\\/xn--rafacaizaresviticultor-pec.com\\\/en\\\/#\\\/schema\\\/logo\\\/image\\\/\",\"url\":\"https:\\\/\\\/xn--rafacaizaresviticultor-pec.com\\\/wp-content\\\/uploads\\\/2024\\\/09\\\/Captura-de-pantalla-2024-09-30-a-las-16.07.14.png\",\"contentUrl\":\"https:\\\/\\\/xn--rafacaizaresviticultor-pec.com\\\/wp-content\\\/uploads\\\/2024\\\/09\\\/Captura-de-pantalla-2024-09-30-a-las-16.07.14.png\",\"width\":2664,\"height\":1100,\"caption\":\"Rafa Ca\u00f1izares\"},\"image\":{\"@id\":\"https:\\\/\\\/xn--rafacaizaresviticultor-pec.com\\\/en\\\/#\\\/schema\\\/logo\\\/image\\\/\"},\"sameAs\":[\"https:\\\/\\\/www.facebook.com\\\/profile.php?id=61564981723625\",\"https:\\\/\\\/www.instagram.com\\\/rafacanizares_viticultor\\\/\"]}]}<\/script>\n<!-- \/ Yoast SEO plugin. -->","yoast_head_json":{"title":"Rafa Ca\u00f1izares Sweet Mistela Moscatell - Rafa Ca\u00f1izares","robots":{"index":"index","follow":"follow","max-snippet":"max-snippet:-1","max-image-preview":"max-image-preview:large","max-video-preview":"max-video-preview:-1"},"canonical":"https:\/\/xn--rafacaizaresviticultor-pec.com\/en\/white-wines\/rafa-canizares-sweet-mistela-moscatell\/","og_locale":"en_US","og_type":"article","og_title":"Rafa Ca\u00f1izares Sweet Mistela Moscatell - Rafa Ca\u00f1izares","og_description":"Rafa Ca\u00f1izares&#8217; Moscatel is an authentic expression of the Muscat of Alexandria variety, grown under the Alicante sun and caressed by the Mediterranean breeze. Made from carefully selected grapes harvested by hand, this sweet wine reflects the tradition and sensitivity of a land where vines have been part of the landscape for centuries.","og_url":"https:\/\/xn--rafacaizaresviticultor-pec.com\/en\/white-wines\/rafa-canizares-sweet-mistela-moscatell\/","og_site_name":"Rafa Ca\u00f1izares","article_publisher":"https:\/\/www.facebook.com\/profile.php?id=61564981723625","article_modified_time":"2026-01-26T10:48:09+00:00","og_image":[{"width":1080,"height":1080,"url":"https:\/\/xn--rafacaizaresviticultor-pec.com\/wp-content\/uploads\/2025\/10\/foto-12.png","type":"image\/png"}],"twitter_card":"summary_large_image","schema":{"@context":"https:\/\/schema.org","@graph":[{"@type":"WebPage","@id":"https:\/\/xn--rafacaizaresviticultor-pec.com\/en\/white-wines\/rafa-canizares-sweet-mistela-moscatell\/","url":"https:\/\/xn--rafacaizaresviticultor-pec.com\/en\/white-wines\/rafa-canizares-sweet-mistela-moscatell\/","name":"Rafa Ca\u00f1izares Sweet Mistela Moscatell - Rafa Ca\u00f1izares","isPartOf":{"@id":"https:\/\/xn--rafacaizaresviticultor-pec.com\/en\/#website"},"primaryImageOfPage":{"@id":"https:\/\/xn--rafacaizaresviticultor-pec.com\/en\/white-wines\/rafa-canizares-sweet-mistela-moscatell\/#primaryimage"},"image":{"@id":"https:\/\/xn--rafacaizaresviticultor-pec.com\/en\/white-wines\/rafa-canizares-sweet-mistela-moscatell\/#primaryimage"},"thumbnailUrl":"https:\/\/xn--rafacaizaresviticultor-pec.com\/wp-content\/uploads\/2025\/10\/foto-12.png","datePublished":"2025-10-22T18:05:31+00:00","dateModified":"2026-01-26T10:48:09+00:00","breadcrumb":{"@id":"https:\/\/xn--rafacaizaresviticultor-pec.com\/en\/white-wines\/rafa-canizares-sweet-mistela-moscatell\/#breadcrumb"},"inLanguage":"en-US","potentialAction":[{"@type":"ReadAction","target":["https:\/\/xn--rafacaizaresviticultor-pec.com\/en\/white-wines\/rafa-canizares-sweet-mistela-moscatell\/"]}]},{"@type":"ImageObject","inLanguage":"en-US","@id":"https:\/\/xn--rafacaizaresviticultor-pec.com\/en\/white-wines\/rafa-canizares-sweet-mistela-moscatell\/#primaryimage","url":"https:\/\/xn--rafacaizaresviticultor-pec.com\/wp-content\/uploads\/2025\/10\/foto-12.png","contentUrl":"https:\/\/xn--rafacaizaresviticultor-pec.com\/wp-content\/uploads\/2025\/10\/foto-12.png","width":1080,"height":1080},{"@type":"BreadcrumbList","@id":"https:\/\/xn--rafacaizaresviticultor-pec.com\/en\/white-wines\/rafa-canizares-sweet-mistela-moscatell\/#breadcrumb","itemListElement":[{"@type":"ListItem","position":1,"name":"Inicio","item":"https:\/\/xn--rafacaizaresviticultor-pec.com\/en\/home-2\/"},{"@type":"ListItem","position":2,"name":"Store","item":"https:\/\/xn--rafacaizaresviticultor-pec.com\/en\/store\/"},{"@type":"ListItem","position":3,"name":"Rafa Ca\u00f1izares Sweet Mistela Moscatell"}]},{"@type":"WebSite","@id":"https:\/\/xn--rafacaizaresviticultor-pec.com\/en\/#website","url":"https:\/\/xn--rafacaizaresviticultor-pec.com\/en\/","name":"Rafa Ca\u00f1izares","description":"Viticultor","publisher":{"@id":"https:\/\/xn--rafacaizaresviticultor-pec.com\/en\/#organization"},"potentialAction":[{"@type":"SearchAction","target":{"@type":"EntryPoint","urlTemplate":"https:\/\/xn--rafacaizaresviticultor-pec.com\/en\/?s={search_term_string}"},"query-input":{"@type":"PropertyValueSpecification","valueRequired":true,"valueName":"search_term_string"}}],"inLanguage":"en-US"},{"@type":"Organization","@id":"https:\/\/xn--rafacaizaresviticultor-pec.com\/en\/#organization","name":"Rafa Ca\u00f1izares","url":"https:\/\/xn--rafacaizaresviticultor-pec.com\/en\/","logo":{"@type":"ImageObject","inLanguage":"en-US","@id":"https:\/\/xn--rafacaizaresviticultor-pec.com\/en\/#\/schema\/logo\/image\/","url":"https:\/\/xn--rafacaizaresviticultor-pec.com\/wp-content\/uploads\/2024\/09\/Captura-de-pantalla-2024-09-30-a-las-16.07.14.png","contentUrl":"https:\/\/xn--rafacaizaresviticultor-pec.com\/wp-content\/uploads\/2024\/09\/Captura-de-pantalla-2024-09-30-a-las-16.07.14.png","width":2664,"height":1100,"caption":"Rafa Ca\u00f1izares"},"image":{"@id":"https:\/\/xn--rafacaizaresviticultor-pec.com\/en\/#\/schema\/logo\/image\/"},"sameAs":["https:\/\/www.facebook.com\/profile.php?id=61564981723625","https:\/\/www.instagram.com\/rafacanizares_viticultor\/"]}]}},"_links":{"self":[{"href":"https:\/\/xn--rafacaizaresviticultor-pec.com\/en\/wp-json\/wp\/v2\/product\/2041","targetHints":{"allow":["GET"]}}],"collection":[{"href":"https:\/\/xn--rafacaizaresviticultor-pec.com\/en\/wp-json\/wp\/v2\/product"}],"about":[{"href":"https:\/\/xn--rafacaizaresviticultor-pec.com\/en\/wp-json\/wp\/v2\/types\/product"}],"version-history":[{"count":2,"href":"https:\/\/xn--rafacaizaresviticultor-pec.com\/en\/wp-json\/wp\/v2\/product\/2041\/revisions"}],"predecessor-version":[{"id":2322,"href":"https:\/\/xn--rafacaizaresviticultor-pec.com\/en\/wp-json\/wp\/v2\/product\/2041\/revisions\/2322"}],"wp:featuredmedia":[{"embeddable":true,"href":"https:\/\/xn--rafacaizaresviticultor-pec.com\/en\/wp-json\/wp\/v2\/media\/2039"}],"wp:attachment":[{"href":"https:\/\/xn--rafacaizaresviticultor-pec.com\/en\/wp-json\/wp\/v2\/media?parent=2041"}],"wp:term":[{"taxonomy":"product_brand","embeddable":true,"href":"https:\/\/xn--rafacaizaresviticultor-pec.com\/en\/wp-json\/wp\/v2\/product_brand?post=2041"},{"taxonomy":"product_cat","embeddable":true,"href":"https:\/\/xn--rafacaizaresviticultor-pec.com\/en\/wp-json\/wp\/v2\/product_cat?post=2041"},{"taxonomy":"product_tag","embeddable":true,"href":"https:\/\/xn--rafacaizaresviticultor-pec.com\/en\/wp-json\/wp\/v2\/product_tag?post=2041"}],"curies":[{"name":"wp","href":"https:\/\/api.w.org\/{rel}","templated":true}]}}