{"id":2046,"date":"2025-10-22T22:00:12","date_gmt":"2025-10-22T22:00:12","guid":{"rendered":"https:\/\/xn--rafacaizaresviticultor-pec.com\/uncategorized\/rafa-canizares-sweet-monastrell\/"},"modified":"2026-01-23T09:25:33","modified_gmt":"2026-01-23T09:25:33","slug":"rafa-canizares-sweet-monastrell","status":"publish","type":"product","link":"https:\/\/xn--rafacaizaresviticultor-pec.com\/en\/red-wines\/rafa-canizares-sweet-monastrell\/","title":{"rendered":"Rafa Ca\u00f1izares Sweet Monastrell"},"content":{"rendered":"<p><strong data-start=\"352\" data-end=\"370\">Rafa Ca\u00f1izares<\/strong> &#8216; <strong data-start=\"322\" data-end=\"348\">Dulce Monastrell Tinto<\/strong> is a true oenological jewel, a wine that breaks the mold and celebrates the purest essence of the <strong data-start=\"465\" data-end=\"488\">Monastrell variety<\/strong>. Few sweet wines are made exclusively from this grape native to southeastern Spain, which makes this creation a unique experience for the senses.<\/p>\n","protected":false},"excerpt":{"rendered":"<p>Rafa Ca\u00f1izares &#8216; Dulce Monastrell Tinto is a true oenological jewel, a wine that breaks the mold and celebrates the purest essence of the Monastrell variety. Few sweet wines are made exclusively from this grape native to southeastern Spain, which makes this creation a unique experience for the senses.<\/p>\n","protected":false},"featured_media":2043,"template":"","meta":{"_acf_changed":false},"product_brand":[],"product_cat":[49],"product_tag":[],"class_list":{"0":"post-2046","1":"product","2":"type-product","3":"status-publish","4":"has-post-thumbnail","6":"product_cat-red-wines","8":"first","9":"instock","10":"taxable","11":"shipping-taxable","12":"purchasable","13":"product-type-simple"},"acf":[],"yoast_head":"<!-- This site is optimized with the Yoast SEO plugin v27.5 - https:\/\/yoast.com\/product\/yoast-seo-wordpress\/ -->\n<title>Rafa Ca\u00f1izares Sweet Monastrell - Rafa Ca\u00f1izares<\/title>\n<meta name=\"robots\" content=\"index, follow, max-snippet:-1, max-image-preview:large, max-video-preview:-1\" \/>\n<link rel=\"canonical\" href=\"https:\/\/xn--rafacaizaresviticultor-pec.com\/en\/red-wines\/rafa-canizares-sweet-monastrell\/\" \/>\n<meta property=\"og:locale\" content=\"en_US\" \/>\n<meta property=\"og:type\" content=\"article\" \/>\n<meta property=\"og:title\" content=\"Rafa Ca\u00f1izares Sweet Monastrell - Rafa Ca\u00f1izares\" \/>\n<meta property=\"og:description\" content=\"Rafa Ca\u00f1izares &#8216; Dulce Monastrell Tinto is a true oenological jewel, a wine that breaks the mold and celebrates the purest essence of the Monastrell variety. Few sweet wines are made exclusively from this grape native to southeastern Spain, which makes this creation a unique experience for the senses.\" \/>\n<meta property=\"og:url\" content=\"https:\/\/xn--rafacaizaresviticultor-pec.com\/en\/red-wines\/rafa-canizares-sweet-monastrell\/\" \/>\n<meta property=\"og:site_name\" content=\"Rafa Ca\u00f1izares\" \/>\n<meta property=\"article:publisher\" content=\"https:\/\/www.facebook.com\/profile.php?id=61564981723625\" \/>\n<meta property=\"article:modified_time\" content=\"2026-01-23T09:25:33+00:00\" \/>\n<meta property=\"og:image\" content=\"https:\/\/xn--rafacaizaresviticultor-pec.com\/wp-content\/uploads\/2025\/10\/foto-13.png\" \/>\n\t<meta property=\"og:image:width\" content=\"1080\" \/>\n\t<meta property=\"og:image:height\" content=\"1080\" \/>\n\t<meta property=\"og:image:type\" content=\"image\/png\" \/>\n<meta name=\"twitter:card\" content=\"summary_large_image\" \/>\n<script type=\"application\/ld+json\" class=\"yoast-schema-graph\">{\"@context\":\"https:\\\/\\\/schema.org\",\"@graph\":[{\"@type\":\"WebPage\",\"@id\":\"https:\\\/\\\/xn--rafacaizaresviticultor-pec.com\\\/en\\\/red-wines\\\/rafa-canizares-sweet-monastrell\\\/\",\"url\":\"https:\\\/\\\/xn--rafacaizaresviticultor-pec.com\\\/en\\\/red-wines\\\/rafa-canizares-sweet-monastrell\\\/\",\"name\":\"Rafa Ca\u00f1izares Sweet Monastrell - Rafa Ca\u00f1izares\",\"isPartOf\":{\"@id\":\"https:\\\/\\\/xn--rafacaizaresviticultor-pec.com\\\/en\\\/#website\"},\"primaryImageOfPage\":{\"@id\":\"https:\\\/\\\/xn--rafacaizaresviticultor-pec.com\\\/en\\\/red-wines\\\/rafa-canizares-sweet-monastrell\\\/#primaryimage\"},\"image\":{\"@id\":\"https:\\\/\\\/xn--rafacaizaresviticultor-pec.com\\\/en\\\/red-wines\\\/rafa-canizares-sweet-monastrell\\\/#primaryimage\"},\"thumbnailUrl\":\"https:\\\/\\\/xn--rafacaizaresviticultor-pec.com\\\/wp-content\\\/uploads\\\/2025\\\/10\\\/foto-13.png\",\"datePublished\":\"2025-10-22T22:00:12+00:00\",\"dateModified\":\"2026-01-23T09:25:33+00:00\",\"breadcrumb\":{\"@id\":\"https:\\\/\\\/xn--rafacaizaresviticultor-pec.com\\\/en\\\/red-wines\\\/rafa-canizares-sweet-monastrell\\\/#breadcrumb\"},\"inLanguage\":\"en-US\",\"potentialAction\":[{\"@type\":\"ReadAction\",\"target\":[\"https:\\\/\\\/xn--rafacaizaresviticultor-pec.com\\\/en\\\/red-wines\\\/rafa-canizares-sweet-monastrell\\\/\"]}]},{\"@type\":\"ImageObject\",\"inLanguage\":\"en-US\",\"@id\":\"https:\\\/\\\/xn--rafacaizaresviticultor-pec.com\\\/en\\\/red-wines\\\/rafa-canizares-sweet-monastrell\\\/#primaryimage\",\"url\":\"https:\\\/\\\/xn--rafacaizaresviticultor-pec.com\\\/wp-content\\\/uploads\\\/2025\\\/10\\\/foto-13.png\",\"contentUrl\":\"https:\\\/\\\/xn--rafacaizaresviticultor-pec.com\\\/wp-content\\\/uploads\\\/2025\\\/10\\\/foto-13.png\",\"width\":1080,\"height\":1080},{\"@type\":\"BreadcrumbList\",\"@id\":\"https:\\\/\\\/xn--rafacaizaresviticultor-pec.com\\\/en\\\/red-wines\\\/rafa-canizares-sweet-monastrell\\\/#breadcrumb\",\"itemListElement\":[{\"@type\":\"ListItem\",\"position\":1,\"name\":\"Inicio\",\"item\":\"https:\\\/\\\/xn--rafacaizaresviticultor-pec.com\\\/en\\\/home-2\\\/\"},{\"@type\":\"ListItem\",\"position\":2,\"name\":\"Store\",\"item\":\"https:\\\/\\\/xn--rafacaizaresviticultor-pec.com\\\/en\\\/store\\\/\"},{\"@type\":\"ListItem\",\"position\":3,\"name\":\"Rafa Ca\u00f1izares Sweet Monastrell\"}]},{\"@type\":\"WebSite\",\"@id\":\"https:\\\/\\\/xn--rafacaizaresviticultor-pec.com\\\/en\\\/#website\",\"url\":\"https:\\\/\\\/xn--rafacaizaresviticultor-pec.com\\\/en\\\/\",\"name\":\"Rafa Ca\u00f1izares\",\"description\":\"Viticultor\",\"publisher\":{\"@id\":\"https:\\\/\\\/xn--rafacaizaresviticultor-pec.com\\\/en\\\/#organization\"},\"potentialAction\":[{\"@type\":\"SearchAction\",\"target\":{\"@type\":\"EntryPoint\",\"urlTemplate\":\"https:\\\/\\\/xn--rafacaizaresviticultor-pec.com\\\/en\\\/?s={search_term_string}\"},\"query-input\":{\"@type\":\"PropertyValueSpecification\",\"valueRequired\":true,\"valueName\":\"search_term_string\"}}],\"inLanguage\":\"en-US\"},{\"@type\":\"Organization\",\"@id\":\"https:\\\/\\\/xn--rafacaizaresviticultor-pec.com\\\/en\\\/#organization\",\"name\":\"Rafa Ca\u00f1izares\",\"url\":\"https:\\\/\\\/xn--rafacaizaresviticultor-pec.com\\\/en\\\/\",\"logo\":{\"@type\":\"ImageObject\",\"inLanguage\":\"en-US\",\"@id\":\"https:\\\/\\\/xn--rafacaizaresviticultor-pec.com\\\/en\\\/#\\\/schema\\\/logo\\\/image\\\/\",\"url\":\"https:\\\/\\\/xn--rafacaizaresviticultor-pec.com\\\/wp-content\\\/uploads\\\/2024\\\/09\\\/Captura-de-pantalla-2024-09-30-a-las-16.07.14.png\",\"contentUrl\":\"https:\\\/\\\/xn--rafacaizaresviticultor-pec.com\\\/wp-content\\\/uploads\\\/2024\\\/09\\\/Captura-de-pantalla-2024-09-30-a-las-16.07.14.png\",\"width\":2664,\"height\":1100,\"caption\":\"Rafa Ca\u00f1izares\"},\"image\":{\"@id\":\"https:\\\/\\\/xn--rafacaizaresviticultor-pec.com\\\/en\\\/#\\\/schema\\\/logo\\\/image\\\/\"},\"sameAs\":[\"https:\\\/\\\/www.facebook.com\\\/profile.php?id=61564981723625\",\"https:\\\/\\\/www.instagram.com\\\/rafacanizares_viticultor\\\/\"]}]}<\/script>\n<!-- \/ Yoast SEO plugin. -->","yoast_head_json":{"title":"Rafa Ca\u00f1izares Sweet Monastrell - Rafa Ca\u00f1izares","robots":{"index":"index","follow":"follow","max-snippet":"max-snippet:-1","max-image-preview":"max-image-preview:large","max-video-preview":"max-video-preview:-1"},"canonical":"https:\/\/xn--rafacaizaresviticultor-pec.com\/en\/red-wines\/rafa-canizares-sweet-monastrell\/","og_locale":"en_US","og_type":"article","og_title":"Rafa Ca\u00f1izares Sweet Monastrell - Rafa Ca\u00f1izares","og_description":"Rafa Ca\u00f1izares &#8216; Dulce Monastrell Tinto is a true oenological jewel, a wine that breaks the mold and celebrates the purest essence of the Monastrell variety. Few sweet wines are made exclusively from this grape native to southeastern Spain, which makes this creation a unique experience for the senses.","og_url":"https:\/\/xn--rafacaizaresviticultor-pec.com\/en\/red-wines\/rafa-canizares-sweet-monastrell\/","og_site_name":"Rafa Ca\u00f1izares","article_publisher":"https:\/\/www.facebook.com\/profile.php?id=61564981723625","article_modified_time":"2026-01-23T09:25:33+00:00","og_image":[{"width":1080,"height":1080,"url":"https:\/\/xn--rafacaizaresviticultor-pec.com\/wp-content\/uploads\/2025\/10\/foto-13.png","type":"image\/png"}],"twitter_card":"summary_large_image","schema":{"@context":"https:\/\/schema.org","@graph":[{"@type":"WebPage","@id":"https:\/\/xn--rafacaizaresviticultor-pec.com\/en\/red-wines\/rafa-canizares-sweet-monastrell\/","url":"https:\/\/xn--rafacaizaresviticultor-pec.com\/en\/red-wines\/rafa-canizares-sweet-monastrell\/","name":"Rafa Ca\u00f1izares Sweet Monastrell - Rafa Ca\u00f1izares","isPartOf":{"@id":"https:\/\/xn--rafacaizaresviticultor-pec.com\/en\/#website"},"primaryImageOfPage":{"@id":"https:\/\/xn--rafacaizaresviticultor-pec.com\/en\/red-wines\/rafa-canizares-sweet-monastrell\/#primaryimage"},"image":{"@id":"https:\/\/xn--rafacaizaresviticultor-pec.com\/en\/red-wines\/rafa-canizares-sweet-monastrell\/#primaryimage"},"thumbnailUrl":"https:\/\/xn--rafacaizaresviticultor-pec.com\/wp-content\/uploads\/2025\/10\/foto-13.png","datePublished":"2025-10-22T22:00:12+00:00","dateModified":"2026-01-23T09:25:33+00:00","breadcrumb":{"@id":"https:\/\/xn--rafacaizaresviticultor-pec.com\/en\/red-wines\/rafa-canizares-sweet-monastrell\/#breadcrumb"},"inLanguage":"en-US","potentialAction":[{"@type":"ReadAction","target":["https:\/\/xn--rafacaizaresviticultor-pec.com\/en\/red-wines\/rafa-canizares-sweet-monastrell\/"]}]},{"@type":"ImageObject","inLanguage":"en-US","@id":"https:\/\/xn--rafacaizaresviticultor-pec.com\/en\/red-wines\/rafa-canizares-sweet-monastrell\/#primaryimage","url":"https:\/\/xn--rafacaizaresviticultor-pec.com\/wp-content\/uploads\/2025\/10\/foto-13.png","contentUrl":"https:\/\/xn--rafacaizaresviticultor-pec.com\/wp-content\/uploads\/2025\/10\/foto-13.png","width":1080,"height":1080},{"@type":"BreadcrumbList","@id":"https:\/\/xn--rafacaizaresviticultor-pec.com\/en\/red-wines\/rafa-canizares-sweet-monastrell\/#breadcrumb","itemListElement":[{"@type":"ListItem","position":1,"name":"Inicio","item":"https:\/\/xn--rafacaizaresviticultor-pec.com\/en\/home-2\/"},{"@type":"ListItem","position":2,"name":"Store","item":"https:\/\/xn--rafacaizaresviticultor-pec.com\/en\/store\/"},{"@type":"ListItem","position":3,"name":"Rafa Ca\u00f1izares Sweet Monastrell"}]},{"@type":"WebSite","@id":"https:\/\/xn--rafacaizaresviticultor-pec.com\/en\/#website","url":"https:\/\/xn--rafacaizaresviticultor-pec.com\/en\/","name":"Rafa Ca\u00f1izares","description":"Viticultor","publisher":{"@id":"https:\/\/xn--rafacaizaresviticultor-pec.com\/en\/#organization"},"potentialAction":[{"@type":"SearchAction","target":{"@type":"EntryPoint","urlTemplate":"https:\/\/xn--rafacaizaresviticultor-pec.com\/en\/?s={search_term_string}"},"query-input":{"@type":"PropertyValueSpecification","valueRequired":true,"valueName":"search_term_string"}}],"inLanguage":"en-US"},{"@type":"Organization","@id":"https:\/\/xn--rafacaizaresviticultor-pec.com\/en\/#organization","name":"Rafa Ca\u00f1izares","url":"https:\/\/xn--rafacaizaresviticultor-pec.com\/en\/","logo":{"@type":"ImageObject","inLanguage":"en-US","@id":"https:\/\/xn--rafacaizaresviticultor-pec.com\/en\/#\/schema\/logo\/image\/","url":"https:\/\/xn--rafacaizaresviticultor-pec.com\/wp-content\/uploads\/2024\/09\/Captura-de-pantalla-2024-09-30-a-las-16.07.14.png","contentUrl":"https:\/\/xn--rafacaizaresviticultor-pec.com\/wp-content\/uploads\/2024\/09\/Captura-de-pantalla-2024-09-30-a-las-16.07.14.png","width":2664,"height":1100,"caption":"Rafa Ca\u00f1izares"},"image":{"@id":"https:\/\/xn--rafacaizaresviticultor-pec.com\/en\/#\/schema\/logo\/image\/"},"sameAs":["https:\/\/www.facebook.com\/profile.php?id=61564981723625","https:\/\/www.instagram.com\/rafacanizares_viticultor\/"]}]}},"_links":{"self":[{"href":"https:\/\/xn--rafacaizaresviticultor-pec.com\/en\/wp-json\/wp\/v2\/product\/2046","targetHints":{"allow":["GET"]}}],"collection":[{"href":"https:\/\/xn--rafacaizaresviticultor-pec.com\/en\/wp-json\/wp\/v2\/product"}],"about":[{"href":"https:\/\/xn--rafacaizaresviticultor-pec.com\/en\/wp-json\/wp\/v2\/types\/product"}],"version-history":[{"count":1,"href":"https:\/\/xn--rafacaizaresviticultor-pec.com\/en\/wp-json\/wp\/v2\/product\/2046\/revisions"}],"predecessor-version":[{"id":2314,"href":"https:\/\/xn--rafacaizaresviticultor-pec.com\/en\/wp-json\/wp\/v2\/product\/2046\/revisions\/2314"}],"wp:featuredmedia":[{"embeddable":true,"href":"https:\/\/xn--rafacaizaresviticultor-pec.com\/en\/wp-json\/wp\/v2\/media\/2043"}],"wp:attachment":[{"href":"https:\/\/xn--rafacaizaresviticultor-pec.com\/en\/wp-json\/wp\/v2\/media?parent=2046"}],"wp:term":[{"taxonomy":"product_brand","embeddable":true,"href":"https:\/\/xn--rafacaizaresviticultor-pec.com\/en\/wp-json\/wp\/v2\/product_brand?post=2046"},{"taxonomy":"product_cat","embeddable":true,"href":"https:\/\/xn--rafacaizaresviticultor-pec.com\/en\/wp-json\/wp\/v2\/product_cat?post=2046"},{"taxonomy":"product_tag","embeddable":true,"href":"https:\/\/xn--rafacaizaresviticultor-pec.com\/en\/wp-json\/wp\/v2\/product_tag?post=2046"}],"curies":[{"name":"wp","href":"https:\/\/api.w.org\/{rel}","templated":true}]}}